{"id":171,"date":"2026-03-25T10:51:45","date_gmt":"2026-03-25T10:51:45","guid":{"rendered":"https:\/\/janmisun.com\/?page_id=171"},"modified":"2026-03-25T10:51:46","modified_gmt":"2026-03-25T10:51:46","slug":"vyhlasenie-o-autorskych-pravach","status":"publish","type":"page","link":"https:\/\/janmisun.com\/en\/vyhlasenie-o-autorskych-pravach\/","title":{"rendered":"Copyright Notice"},"content":{"rendered":"<p>All works by the artist J\u00e1n Mi\u0161un published on this website and in all related catalogs, including their digital scans, reproductions, previews, and image files, are protected by copyright and constitute digital reproductions of the artist\u2019s original works.<\/p>\n\n\n\n<p>Without the prior written consent of the copyright holder (heirs), it is not permitted to copy, reproduce, download for the purpose of further distribution, publish, share, make available to third parties, modify, use in print or online, offer for sale, resell, or otherwise exploit commercially.<\/p>\n\n\n\n<p><strong>Any unauthorized sharing or resale of scans, reproductions, or derivative works is prohibited.<\/strong><\/p>\n\n\n\n<p><strong>All rights reserved.<\/strong><\/p>\n\n\n\n<p><\/p>","protected":false},"excerpt":{"rendered":"<p>V\u0161etky diela autora J\u00e1na Mi\u0161una uverejnen\u00e9 na tejto webovej str\u00e1nke a vo v\u0161etk\u00fdch s\u00favisiacich katal\u00f3goch, vr\u00e1tane ich digit\u00e1lnych skenov, reprodukci\u00ed, n\u00e1h\u013eadov a obrazov\u00fdch podkladov, s\u00fa autorskopr\u00e1vne chr\u00e1nen\u00e9 a predstavuj\u00fa digit\u00e1lne reprodukcie origin\u00e1lnych diel autora. Bez predch\u00e1dzaj\u00faceho p\u00edsomn\u00e9ho s\u00fahlasu nosite\u013ea autorsk\u00fdch pr\u00e1v (dedi\u010dov) nie je dovolen\u00e9 tieto materi\u00e1ly kop\u00edrova\u0165, reprodukova\u0165, s\u0165ahova\u0165 na \u00fa\u010del \u010fal\u0161ieho \u0161\u00edrenia, zverej\u0148ova\u0165, [&hellip;]<\/p>\n","protected":false},"author":1,"featured_media":0,"parent":0,"menu_order":0,"comment_status":"closed","ping_status":"closed","template":"","meta":{"footnotes":""},"class_list":["post-171","page","type-page","status-publish","hentry"],"yoast_head":"<!-- This site is optimized with the Yoast SEO plugin v27.2 - https:\/\/yoast.com\/product\/yoast-seo-wordpress\/ -->\n<title>Vyhl\u00e1senie o autorsk\u00fdch pr\u00e1vach - J\u00e1n Mi\u0161un \/virtu\u00e1lna gal\u00e9ria<\/title>\n<meta name=\"description\" content=\"Neopr\u00e1vnen\u00e9 pou\u017eitie, zdie\u013eanie alebo \u010fal\u0161\u00ed predaj materi\u00e1lov z webu J\u00e1n Mi\u0161un \/ virtu\u00e1lna gal\u00e9ria je zak\u00e1zan\u00fd.\" \/>\n<meta name=\"robots\" content=\"index, follow, max-snippet:-1, max-image-preview:large, max-video-preview:-1\" \/>\n<link rel=\"canonical\" href=\"https:\/\/janmisun.com\/en\/vyhlasenie-o-autorskych-pravach\/\" \/>\n<meta property=\"og:locale\" content=\"en_GB\" \/>\n<meta property=\"og:type\" content=\"article\" \/>\n<meta property=\"og:title\" content=\"Vyhl\u00e1senie o autorsk\u00fdch pr\u00e1vach - J\u00e1n Mi\u0161un \/virtu\u00e1lna gal\u00e9ria\" \/>\n<meta property=\"og:description\" content=\"Neopr\u00e1vnen\u00e9 pou\u017eitie, zdie\u013eanie alebo \u010fal\u0161\u00ed predaj materi\u00e1lov z webu J\u00e1n Mi\u0161un \/ virtu\u00e1lna gal\u00e9ria je zak\u00e1zan\u00fd.\" \/>\n<meta property=\"og:url\" content=\"https:\/\/janmisun.com\/en\/vyhlasenie-o-autorskych-pravach\/\" \/>\n<meta property=\"og:site_name\" content=\"J\u00e1n Mi\u0161un \/virtu\u00e1lna gal\u00e9ria\" \/>\n<meta property=\"article:modified_time\" content=\"2026-03-25T10:51:46+00:00\" \/>\n<meta name=\"twitter:card\" content=\"summary_large_image\" \/>\n<meta name=\"twitter:label1\" content=\"Estimated reading time\" \/>\n\t<meta name=\"twitter:data1\" content=\"1 minute\" \/>\n<script type=\"application\/ld+json\" class=\"yoast-schema-graph\">{\"@context\":\"https:\/\/schema.org\",\"@graph\":[{\"@type\":\"WebPage\",\"@id\":\"https:\/\/janmisun.com\/vyhlasenie-o-autorskych-pravach\/\",\"url\":\"https:\/\/janmisun.com\/vyhlasenie-o-autorskych-pravach\/\",\"name\":\"Vyhl\u00e1senie o autorsk\u00fdch pr\u00e1vach - J\u00e1n Mi\u0161un \/virtu\u00e1lna gal\u00e9ria\",\"isPartOf\":{\"@id\":\"https:\/\/janmisun.com\/#website\"},\"datePublished\":\"2026-03-25T10:51:45+00:00\",\"dateModified\":\"2026-03-25T10:51:46+00:00\",\"description\":\"Neopr\u00e1vnen\u00e9 pou\u017eitie, zdie\u013eanie alebo \u010fal\u0161\u00ed predaj materi\u00e1lov z webu J\u00e1n Mi\u0161un \/ virtu\u00e1lna gal\u00e9ria je zak\u00e1zan\u00fd.\",\"breadcrumb\":{\"@id\":\"https:\/\/janmisun.com\/vyhlasenie-o-autorskych-pravach\/#breadcrumb\"},\"inLanguage\":\"en-GB\",\"potentialAction\":[{\"@type\":\"ReadAction\",\"target\":[\"https:\/\/janmisun.com\/vyhlasenie-o-autorskych-pravach\/\"]}]},{\"@type\":\"BreadcrumbList\",\"@id\":\"https:\/\/janmisun.com\/vyhlasenie-o-autorskych-pravach\/#breadcrumb\",\"itemListElement\":[{\"@type\":\"ListItem\",\"position\":1,\"name\":\"Domovsk\u00e1 str\u00e1nka\",\"item\":\"https:\/\/janmisun.com\/\"},{\"@type\":\"ListItem\",\"position\":2,\"name\":\"Vyhl\u00e1senie o autorsk\u00fdch pr\u00e1vach\"}]},{\"@type\":\"WebSite\",\"@id\":\"https:\/\/janmisun.com\/#website\",\"url\":\"https:\/\/janmisun.com\/\",\"name\":\"J\u00e1n Mi\u0161un \/virtu\u00e1lna gal\u00e9ria\",\"description\":\"Vitajte v ofici\u00e1lnej virtu\u00e1lnej gal\u00e9rii bratislavsk\u00e9ho maliara a reklamn\u00e9ho ilustr\u00e1tora J\u00e1na Mi\u0161una (*1933 - \u20202020)\",\"potentialAction\":[{\"@type\":\"SearchAction\",\"target\":{\"@type\":\"EntryPoint\",\"urlTemplate\":\"https:\/\/janmisun.com\/?s={search_term_string}\"},\"query-input\":{\"@type\":\"PropertyValueSpecification\",\"valueRequired\":true,\"valueName\":\"search_term_string\"}}],\"inLanguage\":\"en-GB\"}]}<\/script>\n<!-- \/ Yoast SEO plugin. -->","yoast_head_json":{"title":"Vyhl\u00e1senie o autorsk\u00fdch pr\u00e1vach - J\u00e1n Mi\u0161un \/virtu\u00e1lna gal\u00e9ria","description":"Neopr\u00e1vnen\u00e9 pou\u017eitie, zdie\u013eanie alebo \u010fal\u0161\u00ed predaj materi\u00e1lov z webu J\u00e1n Mi\u0161un \/ virtu\u00e1lna gal\u00e9ria je zak\u00e1zan\u00fd.","robots":{"index":"index","follow":"follow","max-snippet":"max-snippet:-1","max-image-preview":"max-image-preview:large","max-video-preview":"max-video-preview:-1"},"canonical":"https:\/\/janmisun.com\/en\/vyhlasenie-o-autorskych-pravach\/","og_locale":"en_GB","og_type":"article","og_title":"Vyhl\u00e1senie o autorsk\u00fdch pr\u00e1vach - J\u00e1n Mi\u0161un \/virtu\u00e1lna gal\u00e9ria","og_description":"Neopr\u00e1vnen\u00e9 pou\u017eitie, zdie\u013eanie alebo \u010fal\u0161\u00ed predaj materi\u00e1lov z webu J\u00e1n Mi\u0161un \/ virtu\u00e1lna gal\u00e9ria je zak\u00e1zan\u00fd.","og_url":"https:\/\/janmisun.com\/en\/vyhlasenie-o-autorskych-pravach\/","og_site_name":"J\u00e1n Mi\u0161un \/virtu\u00e1lna gal\u00e9ria","article_modified_time":"2026-03-25T10:51:46+00:00","twitter_card":"summary_large_image","twitter_misc":{"Estimated reading time":"1 minute"},"schema":{"@context":"https:\/\/schema.org","@graph":[{"@type":"WebPage","@id":"https:\/\/janmisun.com\/vyhlasenie-o-autorskych-pravach\/","url":"https:\/\/janmisun.com\/vyhlasenie-o-autorskych-pravach\/","name":"Vyhl\u00e1senie o autorsk\u00fdch pr\u00e1vach - J\u00e1n Mi\u0161un \/virtu\u00e1lna gal\u00e9ria","isPartOf":{"@id":"https:\/\/janmisun.com\/#website"},"datePublished":"2026-03-25T10:51:45+00:00","dateModified":"2026-03-25T10:51:46+00:00","description":"Neopr\u00e1vnen\u00e9 pou\u017eitie, zdie\u013eanie alebo \u010fal\u0161\u00ed predaj materi\u00e1lov z webu J\u00e1n Mi\u0161un \/ virtu\u00e1lna gal\u00e9ria je zak\u00e1zan\u00fd.","breadcrumb":{"@id":"https:\/\/janmisun.com\/vyhlasenie-o-autorskych-pravach\/#breadcrumb"},"inLanguage":"en-GB","potentialAction":[{"@type":"ReadAction","target":["https:\/\/janmisun.com\/vyhlasenie-o-autorskych-pravach\/"]}]},{"@type":"BreadcrumbList","@id":"https:\/\/janmisun.com\/vyhlasenie-o-autorskych-pravach\/#breadcrumb","itemListElement":[{"@type":"ListItem","position":1,"name":"Domovsk\u00e1 str\u00e1nka","item":"https:\/\/janmisun.com\/"},{"@type":"ListItem","position":2,"name":"Vyhl\u00e1senie o autorsk\u00fdch pr\u00e1vach"}]},{"@type":"WebSite","@id":"https:\/\/janmisun.com\/#website","url":"https:\/\/janmisun.com\/","name":"J\u00e1n Mi\u0161un \/virtu\u00e1lna gal\u00e9ria","description":"Vitajte v ofici\u00e1lnej virtu\u00e1lnej gal\u00e9rii bratislavsk\u00e9ho maliara a reklamn\u00e9ho ilustr\u00e1tora J\u00e1na Mi\u0161una (*1933 - \u20202020)","potentialAction":[{"@type":"SearchAction","target":{"@type":"EntryPoint","urlTemplate":"https:\/\/janmisun.com\/?s={search_term_string}"},"query-input":{"@type":"PropertyValueSpecification","valueRequired":true,"valueName":"search_term_string"}}],"inLanguage":"en-GB"}]}},"_links":{"self":[{"href":"https:\/\/janmisun.com\/en\/wp-json\/wp\/v2\/pages\/171","targetHints":{"allow":["GET"]}}],"collection":[{"href":"https:\/\/janmisun.com\/en\/wp-json\/wp\/v2\/pages"}],"about":[{"href":"https:\/\/janmisun.com\/en\/wp-json\/wp\/v2\/types\/page"}],"author":[{"embeddable":true,"href":"https:\/\/janmisun.com\/en\/wp-json\/wp\/v2\/users\/1"}],"replies":[{"embeddable":true,"href":"https:\/\/janmisun.com\/en\/wp-json\/wp\/v2\/comments?post=171"}],"version-history":[{"count":1,"href":"https:\/\/janmisun.com\/en\/wp-json\/wp\/v2\/pages\/171\/revisions"}],"predecessor-version":[{"id":172,"href":"https:\/\/janmisun.com\/en\/wp-json\/wp\/v2\/pages\/171\/revisions\/172"}],"wp:attachment":[{"href":"https:\/\/janmisun.com\/en\/wp-json\/wp\/v2\/media?parent=171"}],"curies":[{"name":"wp","href":"https:\/\/api.w.org\/{rel}","templated":true}]}}